{"id":173,"date":"2024-08-20T17:16:42","date_gmt":"2024-08-20T15:16:42","guid":{"rendered":"https:\/\/www.pixxelpoint.org\/2024\/?page_id=173"},"modified":"2024-10-24T10:52:28","modified_gmt":"2024-10-24T08:52:28","slug":"kolofon","status":"publish","type":"page","link":"https:\/\/www.pixxelpoint.org\/2024\/sl\/kolofon\/","title":{"rendered":"Kolofon"},"content":{"rendered":"\n<p><strong>PXXP\u2022XXV: Spekulacija in razkroj<\/strong><\/p>\n\n\n\n<p>Pixxelpoint 2024 \u2013 XXV. Mednarodni festival sodobnih umetni\u0161kih praks<br>Nova Gorica\/Gorica, 7.\u201317. november 2024<\/p>\n\n\n\n<p>V okviru<br><a href=\"https:\/\/www.go2025.eu\/sl\">GO!2025 Nova Gorica Evropska prestolnica kulture<\/a><\/p>\n\n\n\n<p>Produkcija in organizacija<br><a href=\"https:\/\/kulturnidom-ng.si\/\">Kulturni dom Nova Gorica<\/a><br>Vodja projekta: Pavla Jarc<br>Koordinatorka projekta: Mateja Polj\u0161ak Furlan<\/p>\n\n\n\n<p>Zasnova in so-organizacija<strong><br><\/strong><a href=\"https:\/\/aksioma.org\/sl\/\">Aksioma \u2013 Zavod za sodobne umetnosti, Ljubljana<\/a><br>Umetni\u0161ki vodja: Janez Fakin Jan\u0161a<br>Koordinatorka programa: Marcela Okreti\u010d<\/p>\n\n\n\n<p>Kuratorji<br>Razstava: Maja Burja<br>Glasbeni program: Ja\u0161a Bu\u017einel<br>Podkast: R\u00e9gine Debatty<br>Diskurzivni program (THE VOID*): Dominik Vrabi\u010d De\u017eman, Klara Debeljak, Maks Valen\u010di\u010d, Jan Kostanjevec<\/p>\n\n\n\n<p>*<a href=\"https:\/\/networkcultures.org\/void\/\">THE VOID<\/a> je raziskovalni projekt Tommasa Campagne in Jordija Viaderja Guerrera o takti\u010dnem videu<\/p>\n\n\n\n<p>Oblikovanje razstave: Tamara La\u0161i\u010d Jurkovi\u0107<br>Asistentka produkcije: Ema Maznik Anti\u0107<br>Urednik kataloga: Rok Kranjc<br>Prevod in lektura: Miha \u0160u\u0161tar<br>Celostna podoba: Federico Antonini, Simone Cavallin<br><br>Odnosi z javnostmi: Ja\u0161a Bu\u017einel<br>Koordinatorka za dru\u017ebene medije: Sonja Grdina<br>Foto dokumentacija: Domen Pal, Ur\u0161a Rahne<br>Tehni\u010dni vodja: Tadej Hrovat<br>Tehni\u010dna slu\u017eba: Valter Udovi\u010di\u0107, Andrej Kobal<\/p>\n\n\n\n<p>Partnerji<br><a href=\"https:\/\/ung.si\/sl\/fakultete\/akademija-umetnosti\/\">Akademija umetnosti Univerze v Novi Gorici<\/a>, <a href=\"https:\/\/rpng.zrc-sazu.si\/sl\">Raziskovalna postaja ZRC SAZU v Novi Gorici<\/a>\/<a href=\"https:\/\/zalozba.zrc-sazu.si\/sl\/strani\/knjigarna-in-kavarna-maks\">Knjigarna-Kavarna Maks<\/a>, <a href=\"https:\/\/razpotja.si\/about\/\">Razpotja<\/a>\/Dru\u0161tvo humanistov Gori\u0161ke, <a href=\"https:\/\/www.mostovna.com\/\">Mostovna<\/a>, <a href=\"https:\/\/www.facebook.com\/agoregorizia\/\">Galerija Agor\u00e9<\/a>, <a href=\"https:\/\/networkcultures.org\/\">INC &#8211; Institute of Network Cultures<\/a>, <a href=\"https:\/\/networkcultures.org\/expub\/\">.expub<\/a><\/p>\n\n\n\n<p>Tehni\u010dna podpora<br><a href=\"https:\/\/kersnikova.org\/\">Zavod Kersnikova<\/a>, <a href=\"https:\/\/kons-platforma.org\/en\/\">konS \u2261 Platforma za sodobno raziskovalno umetnost<\/a>, <a href=\"https:\/\/wiki.ljudmila.org\/\">Ljudmila &#8211; laboratorij za znanost in umetnost<\/a><strong>, <\/strong><a href=\"https:\/\/www.mc-velenje.si\/\">MC Velenje<\/a>, <a href=\"https:\/\/lokalpatriot.si\/\">LokalPatriot<\/a>, <a href=\"https:\/\/projekt-atol.si\/\">Projekt Atol<\/a><\/p>\n\n\n\n<p>Finan\u010dna podpora<br><a href=\"https:\/\/www.go2025.eu\/sl\">GO!2025 Nova Gorica Evropska prestolnica kulture<\/a><br><a href=\"https:\/\/www.gov.si\/drzavni-organi\/ministrstva\/ministrstvo-za-kulturo\/\">Ministrstvo za kulturo RS<\/a><br><a href=\"https:\/\/www.nova-gorica.si\/\">Mestna ob\u010dina Nova Gorica<\/a><br><a href=\"https:\/\/www.exteriores.gob.es\/Embajadas\/liubliana\/sl\/Paginas\/index.aspx\">Veleposlani\u0161tvo \u0160panije v Ljubljani<\/a><br><a href=\"https:\/\/www.accioncultural.es\/en\">Acci\u00f3n Cultural Espa\u00f1ola (AC\/E)<\/a><\/p>\n\n\n\n<p>Sponzorji:<br><a href=\"http:\/\/www.arttech.si\/\">Arttech d.o.o.<\/a>, Vina Bizjak, <a href=\"https:\/\/www.goriske.si\/\">Gori\u0161ke opekarne<\/a>, <a href=\"https:\/\/www.mladina.si\/\">Mladina<\/a>, <a href=\"https:\/\/www.robin.si\/\">Radio Robin<\/a>, <a href=\"https:\/\/radiostudent.si\/\">Radio \u0160tudent<\/a><\/p>\n","protected":false},"excerpt":{"rendered":"<p>PXXP\u2022XXV: Spekulacija in razkroj Pixxelpoint 2024 \u2013 XXV. Mednarodni festival sodobnih umetni\u0161kih praksNova Gorica\/Gorica, 7.\u201317&#8230;.<\/p>\n","protected":false},"author":2,"featured_media":0,"parent":0,"menu_order":0,"comment_status":"closed","ping_status":"closed","template":"","meta":{"_acf_changed":false,"footnotes":""},"class_list":["post-173","page","type-page","status-publish","hentry"],"acf":[],"lang":"sl","translations":{"sl":173,"en":13},"pll_sync_post":[],"_links":{"self":[{"href":"https:\/\/www.pixxelpoint.org\/2024\/wp-json\/wp\/v2\/pages\/173","targetHints":{"allow":["GET"]}}],"collection":[{"href":"https:\/\/www.pixxelpoint.org\/2024\/wp-json\/wp\/v2\/pages"}],"about":[{"href":"https:\/\/www.pixxelpoint.org\/2024\/wp-json\/wp\/v2\/types\/page"}],"author":[{"embeddable":true,"href":"https:\/\/www.pixxelpoint.org\/2024\/wp-json\/wp\/v2\/users\/2"}],"replies":[{"embeddable":true,"href":"https:\/\/www.pixxelpoint.org\/2024\/wp-json\/wp\/v2\/comments?post=173"}],"version-history":[{"count":0,"href":"https:\/\/www.pixxelpoint.org\/2024\/wp-json\/wp\/v2\/pages\/173\/revisions"}],"wp:attachment":[{"href":"https:\/\/www.pixxelpoint.org\/2024\/wp-json\/wp\/v2\/media?parent=173"}],"curies":[{"name":"wp","href":"https:\/\/api.w.org\/{rel}","templated":true}]}}