{"id":157,"date":"2024-08-20T15:34:40","date_gmt":"2024-08-20T13:34:40","guid":{"rendered":"https:\/\/www.pixxelpoint.org\/2024\/?page_id=157"},"modified":"2024-11-27T12:10:29","modified_gmt":"2024-11-27T11:10:29","slug":"o-festivalu","status":"publish","type":"page","link":"https:\/\/www.pixxelpoint.org\/2024\/sl\/o-festivalu\/","title":{"rendered":"O festivalu"},"content":{"rendered":"\n<h1 class=\"wp-block-heading\">PXXP\u2022XXV: <em>Spekulacija in razkroj <\/em><\/h1>\n\n\n\n<p>PXXP\u2022XXV:<em> Spekulacija in razkroj<\/em> predstavlja 25. edicijo mednarodnega festivala sodobnih umetni\u0161kih praks Pixxelpoint, ki ga soorganizirata<strong> <\/strong><a data-type=\"link\" data-id=\"https:\/\/kulturnidom-ng.si\/\" href=\"https:\/\/kulturnidom-ng.si\/\" target=\"_blank\" rel=\"noreferrer noopener\">Kulturni dom Nova Gorica<\/a> in <a data-type=\"link\" data-id=\"https:\/\/aksioma.org\/\" href=\"https:\/\/aksioma.org\/\" target=\"_blank\" rel=\"noreferrer noopener\">Aksioma \u2013 Zavod za sodobne umetnosti, Ljubljana<\/a><em> <\/em>v okviru <a href=\"https:\/\/www.go2025.eu\/sl\" target=\"_blank\" rel=\"noreferrer noopener\">Evropske prestolnice kulture GO! 2025 Nova Gorica \u2013 Gorica<\/a><strong>.<\/strong><\/p>\n\n\n\n<p>Festival pod umetni\u0161kim vodstvom <a href=\"https:\/\/www.pixxelpoint.org\/2024\/sl\/participant\/janez-fakin-jansa\/\">Janeza Fakina Jan\u0161e<\/a><strong> <\/strong>raziskuje potencial fikcije za ponovno vzpostavitev razmerja z nepopravljivo razdejanim svetom skozi mednarodno razstavo na \u0161tirih prizori\u0161\u010dih, eksperimentalni program razprav, avdiovizualni in glasbeni program, serijo podkastov, eseje in delavnice.<\/p>\n\n\n\n<p><em>Kak\u0161en je potencial mejnih oblik subjektivnosti?<\/em><\/p>\n\n\n\n<p><em>Kako u\u010dinkovito reprogramirati na\u0161e pripovedi o preteklosti, sedanjosti in prihodnosti?<\/em><\/p>\n\n\n\n<p><em>Ali medgeneracijski dialog lahko prepre\u010di propad preteklosti in sedanjosti omogo\u010di, da si zami\u0161lja nove vizije prihodnosti?<\/em><\/p>\n\n\n\n<p><em>Kako kulturni dogodek lahko naslovi tradicionalne, binarne dihotomije, kot so online\/offline, preteklost\/sedanjost, virtualno\/realno?<\/em><\/p>\n\n\n\n<p>To je le nekaj klju\u010dnih vpra\u0161anj, ki jih PXXP\u2022XXV naslavlja s svoje edinstvene pozicije kot dogodek v dveh mestih ter dr\u017eavah, ki raste na nekdanji dr\u017eavni in kulturni meji ter tako sooblikuje vizijo nove Evrope brez meja. Festival ta vpra\u0161anja odpira skozi sodelovalni program, ki zdru\u017euje generacije, kulturne kontekste in dru\u017ebene prostore, pri \u010demer se opira na \u0161iroko mre\u017eo udele\u017eencev in oblikovanje posameznih sklopov prepu\u0161\u010da \u0161tevilnim vabljenim kuratoricam in kuratorjem.<\/p>\n\n\n\n<p>Leto\u0161nji festival je svoje ime dobil po naslovu osrednje razstave <em><a href=\"https:\/\/www.pixxelpoint.org\/2024\/sl\/category\/razstava\/\">Spekulacija in razkroj<\/a><\/em>, ki jo kurira <a href=\"https:\/\/www.pixxelpoint.org\/2024\/sl\/participant\/maja-burja\/\">Maja Burja<\/a> in prostorsko oblikuje Tamara La\u0161i\u010d Jurkovi\u0107, poteka pa v prostorih Mestne galerije Nova Gorica, Galerije Agor\u00e8, Galerije Tir in Carinarnice ter predstavlja deset umetnikov in umetni\u0161kih skupin iz petih evropskih dr\u017eav. Po besedah kuratorke \u00bb[s]edanji trenutek zaznamuje ob\u010dutje izgube, preteklost, sedanjost in prihodnost pa je te\u017eje razvozlati kot kdaj koli prej. Medtem ko se predstave o neko\u010d odprti prihodnosti spreminjajo v \u010dedalje bolj brezizhodne obete, sta poglavitni preostali sili v svetu vztrajen razkroj in nebrzdana spekulacija\u00ab. Na novo apropriirana in zasnovana kot ustvarjalna procesa, spekulacija in razkroj \u00bbpostaneta odprtina za raziskovanje alternativnih tokov preteklosti, sedanjosti in prihodnosti, ki sprejemajo prelome, motnje in neznana znamenja sedanjega trenutka, da bi oblikovali mno\u017eico vzporednih svetov\u00ab.<\/p>\n\n\n\n<p>Razstavo spremlja hibriden, online\/offline program razprav in performansov, ki ga kurirajo<strong> <\/strong><a href=\"https:\/\/www.pixxelpoint.org\/2024\/sl\/participant\/dominik-vrabic-dezman\/\">Dominik Vrabi\u010d De\u017eman<\/a>, <a href=\"https:\/\/www.pixxelpoint.org\/2024\/sl\/participant\/klara-debeljak\/\">Klara Debeljak<\/a>, <a href=\"https:\/\/www.pixxelpoint.org\/2024\/sl\/participant\/maks-valencic\/\">Maks Valen\u010di\u010d<\/a> in <a href=\"https:\/\/www.pixxelpoint.org\/2024\/sl\/participant\/jan-kostanjevec\/\">Jan Kostanjevec<\/a>, nastal pa je v sodelovanju z raziskovalnim projektom <a href=\"https:\/\/www.pixxelpoint.org\/2024\/sl\/category\/the-void\/\">THE VOID<\/a>, ki se osredoto\u010da na takti\u010dni video ter avdiovizualno zalo\u017eni\u0161tvo na praksi temelje\u010dih raziskav in poteka na In\u0161titutu za mre\u017ene kulture na Univerzi za uporabne znanosti v Amsterdamu pod vodstvom <a href=\"https:\/\/www.pixxelpoint.org\/2024\/sl\/participant\/tomasso-campagna\/\">Tommasa Campagne<\/a> in <a href=\"https:\/\/www.pixxelpoint.org\/2024\/sl\/participant\/jordi-viader-guerrero\/\">Jordija Viaderja Guerrere<\/a>.<\/p>\n\n\n\n<p>THE VOID \u2013 ki izvaja tudi <a href=\"https:\/\/www.pixxelpoint.org\/2024\/sl\/the-void-delavnica\/\">delavnico za \u0161tudente<\/a> \u2013 s pomo\u010djo preto\u010dnih vsebin in internetnih estetik ustvarja hibridni prostor za pogovor in sodelovanje, s \u010dimer se zoperstavlja standardizaciji prevladujo\u010de medijske estetike. Dva pogovorna dogodka, ki raziskujeta preobrazbeni potencial prostorske nadgradnje in \u010dasovnega razkroja ter razmerje med kulturno produkcijo in dostopnimi pogoji izra\u017eanja, se prepletata z glasbenim programom, ki ga kurira <a href=\"https:\/\/www.pixxelpoint.org\/2024\/sl\/participant\/jasa-buzinel\/\">Ja\u0161a Bu\u017einel<\/a> in ki doprina\u0161a k medgeneracijski odprtosti festivala, saj predstavlja tako obetavne kot \u017ee uveljavljene glasbenike z razli\u010dnimi glasbenimi jeziki in ozadji.<\/p>\n\n\n\n<p>Celoten program pozorno spremljata multidisciplinarna umetnica<strong> <\/strong><a href=\"https:\/\/www.pixxelpoint.org\/2024\/sl\/participant\/ursa-rahne\/\">Ur\u0161a Rahne<\/a>, ki s svojo fotoreporta\u017eo ureja rubriko \u00bbVajb\u00ab na spleti\u0161\u010du festivala, in Sonja Grdina, ki skozi razli\u010dne kanale obve\u0161\u010da spletno skupnost in komunicira z njo.<\/p>\n\n\n\n<p>\u0160e pred za\u010detkom festivala Univerza v Novi Gorici gosti<strong> <\/strong><a href=\"https:\/\/www.pixxelpoint.org\/2024\/sl\/kontrolerji\/\">delavnico o ustvarjanju in oblikovanju iger v \u0161tirih delih<\/a>, ki jo vodi <a href=\"https:\/\/www.pixxelpoint.org\/2024\/sl\/participant\/brin-zvan\/\">Brin \u017dvan<\/a> in ki se zaklju\u010di s \u0161tudentsko razstavo. Poleg tega se festival razteza v \u010dasu in prostoru s serijo podkastov <em><a href=\"https:\/\/www.pixxelpoint.org\/2024\/sl\/podcast\/\">Prihodnost za nami<\/a><\/em>, ki jo je blogerka, umetnostna kriti\u010darka in kuratorka <a href=\"https:\/\/www.pixxelpoint.org\/2024\/sl\/participant\/regine-debatty\/\">R\u00e9gine Debatty<\/a><strong> <\/strong>zasnovala kot serijo pogovorov z uveljavljenimi mednarodnimi umetniki o problematiki trajnosti in zastarelosti, ki je nelo\u010dljiv del sodobne (medijske) umetnosti. V okviru festivala, kjer so sodelujo\u010di umetniki ter kuratorji generacijsko precej mladi, se serija podkastov navezuje na prej\u0161njo generacijo umetnikov, pri \u010demer njihovo sporo\u010dilo o novosti, \u010dasu in razkroju posreduje skozi mejni prostor prekinjajo\u010dega se poslu\u0161anja.<\/p>\n\n\n\n<p>Poleg tega 25. festival Pixxelpoint spremlja \u0161e katalog, ki ga urednik Rok Kranjc ter oblikovalca Federico Antonini in Simone Cavallin predstavijo kot papirnato \u010dasovno kapsulo v upanju, da bo spekulacije projekta uspel ohraniti onkraj \u010dasovnosti in razkroja.<\/p>\n\n\n\n<p>\ud83d\uded1 <a href=\"https:\/\/www.pixxelpoint.org\/2024\/wp-content\/uploads\/2024\/11\/Pixxelpoint_2024_catalog.pdf\">Katalog<\/a><\/p>\n","protected":false},"excerpt":{"rendered":"<p>PXXP\u2022XXV: Spekulacija in razkroj PXXP\u2022XXV: Spekulacija in razkroj predstavlja 25. edicijo mednarodnega festivala sodobnih umetni\u0161kih&#8230;<\/p>\n","protected":false},"author":2,"featured_media":0,"parent":0,"menu_order":0,"comment_status":"closed","ping_status":"closed","template":"","meta":{"_acf_changed":false,"footnotes":""},"class_list":["post-157","page","type-page","status-publish","hentry"],"acf":[],"lang":"sl","translations":{"sl":157,"en":6},"pll_sync_post":[],"_links":{"self":[{"href":"https:\/\/www.pixxelpoint.org\/2024\/wp-json\/wp\/v2\/pages\/157","targetHints":{"allow":["GET"]}}],"collection":[{"href":"https:\/\/www.pixxelpoint.org\/2024\/wp-json\/wp\/v2\/pages"}],"about":[{"href":"https:\/\/www.pixxelpoint.org\/2024\/wp-json\/wp\/v2\/types\/page"}],"author":[{"embeddable":true,"href":"https:\/\/www.pixxelpoint.org\/2024\/wp-json\/wp\/v2\/users\/2"}],"replies":[{"embeddable":true,"href":"https:\/\/www.pixxelpoint.org\/2024\/wp-json\/wp\/v2\/comments?post=157"}],"version-history":[{"count":0,"href":"https:\/\/www.pixxelpoint.org\/2024\/wp-json\/wp\/v2\/pages\/157\/revisions"}],"wp:attachment":[{"href":"https:\/\/www.pixxelpoint.org\/2024\/wp-json\/wp\/v2\/media?parent=157"}],"curies":[{"name":"wp","href":"https:\/\/api.w.org\/{rel}","templated":true}]}}